{"id":1849,"date":"2025-08-30T13:08:46","date_gmt":"2025-08-30T05:08:46","guid":{"rendered":"https:\/\/ny7zi9biyr.onrocket.site\/?post_type=product&#038;p=1849"},"modified":"2025-09-04T17:22:59","modified_gmt":"2025-09-04T09:22:59","slug":"may-gia-cong-thanh-cai-cnc-ss-50-3cnc-pro","status":"publish","type":"product","link":"https:\/\/www.busbarmachine.id\/vi\/may-gia-cong-thanh-cai-cnc-ss-50-3cnc-pro\/","title":{"rendered":"M\u00e1y gia c\u00f4ng thanh c\u00e1i CNC SS-50-3CNC PRO"},"featured_media":2007,"template":"","meta":{"_acf_changed":false},"product-category":[4,10],"class_list":["post-1849","product","type-product","status-publish","has-post-thumbnail","hentry","product-category-busbar-punching-cutting-bending-machine","product-category-products"],"acf":[],"_links":{"self":[{"href":"https:\/\/www.busbarmachine.id\/vi\/wp-json\/wp\/v2\/product\/1849","targetHints":{"allow":["GET"]}}],"collection":[{"href":"https:\/\/www.busbarmachine.id\/vi\/wp-json\/wp\/v2\/product"}],"about":[{"href":"https:\/\/www.busbarmachine.id\/vi\/wp-json\/wp\/v2\/types\/product"}],"wp:featuredmedia":[{"embeddable":true,"href":"https:\/\/www.busbarmachine.id\/vi\/wp-json\/wp\/v2\/media\/2007"}],"wp:attachment":[{"href":"https:\/\/www.busbarmachine.id\/vi\/wp-json\/wp\/v2\/media?parent=1849"}],"wp:term":[{"taxonomy":"product-category","embeddable":true,"href":"https:\/\/www.busbarmachine.id\/vi\/wp-json\/wp\/v2\/product-category?post=1849"}],"curies":[{"name":"wp","href":"https:\/\/api.w.org\/{rel}","templated":true}]}}